{"id":3,"date":"2022-06-13T15:30:39","date_gmt":"2022-06-13T13:30:39","guid":{"rendered":"http:\/\/notariuszinowroclaw.eu\/?page_id=3"},"modified":"2022-06-15T13:02:10","modified_gmt":"2022-06-15T11:02:10","slug":"polityka-prywatnosci","status":"publish","type":"page","link":"https:\/\/notariuszinowroclaw.eu\/?page_id=3","title":{"rendered":"Polityka prywatno\u015bci (RODO)"},"content":{"rendered":"\n<h2 class=\"wp-block-heading\">Jakie s\u0105 dane Administratora?<\/h2>\n\n\n\n<p>Administratorem Pa\u0144stwa danych osobowych oraz serwisu <a href=\"http:\/\/notariuszinowroclaw.eu\/\" data-type=\"page\" data-id=\"2\">notariuszinowroclaw.eu<\/a> jest:<\/p>\n\n\n\n<p><strong>Anna Wali\u0144ska-G\u00f3ra, prowadz\u0105c\u0105 dzia\u0142alno\u015b\u0107 gospodarcz\u0105 pod nazw\u0105<\/strong><br><strong>Kancelaria Notarialna Anna Wali\u0144ska-G\u00f3ra<\/strong><br>aleja Sienkiewicza 9\/1, 88-100 Inowroc\u0142aw<br>NIP: 5562678916, REGON: 341524472<br>Adres e-mail: anna.walinska@gdin.pl<br>Telefon: 52 357 48 12<\/p>\n\n\n\n<h2 class=\"wp-block-heading\">Jaki jest cel i podstawy przetwarzania danych?<\/h2>\n\n\n\n<p>Dane U\u017cytkownik\u00f3w przetwarzane s\u0105 na podstawie <strong>prawnie uzasadnionego interesu<\/strong> Administratora w celu zapewnienia bezpiecznego funkcjonowania naszego serwisu i poczty elektronicznej, umo\u017cliwienia i utrzymywanie kontaktu oraz zapobiegania oszustwom i nadu\u017cyciom.  <\/p>\n\n\n\n<p><em>W tym przypadku test r\u00f3wnowagi przemawia na korzy\u015b\u0107 stosowania wskazanej podstawy przetwarzania danych w wymienionych wy\u017cej celach, poniewa\u017c utrudnione by\u0142oby pozyskiwanie zg\u00f3d od wszystkich u\u017cytkownik\u00f3w odwiedzaj\u0105cych publicznie dost\u0119pn\u0105 stron\u0119 internetow\u0105 Administratora lub wysy\u0142aj\u0105cych niezam\u00f3wion\u0105 korespondencj\u0119. Obs\u0142uga serwisu internetowego lub poczty elektronicznej jest niemo\u017cliwa bez przetwarzania niekt\u00f3rych danych o u\u017cytkownikach, cho\u0107by ze wzgl\u0119d\u00f3w technicznych. Jednocze\u015bnie w interesie Klient\u00f3w i Kontrahent\u00f3w Administratora le\u017cy mo\u017cliwo\u015b\u0107 znalezienia informacji o Administratorze i umo\u017cliwienie kontaktu z nim, w zgodzie z powszechnie obowi\u0105zuj\u0105cymi przepisami prawa.<\/em><\/p>\n\n\n\n<p>Je\u015bli jeste\u015bcie Pa\u0144stwo Klientami lub Kontrahentami Kancelarii, przygotowali\u015bmy dla Pa\u0144stwa szczeg\u00f3\u0142owe klauzule informacyjne odnosz\u0105ce si\u0119 do dokonywania czynno\u015bci notarialnych lub zawierania um\u00f3w z Kancelari\u0105:<\/p>\n\n\n\n<ol class=\"wp-block-list\"><li>klauzula informacyjna dla <a href=\"http:\/\/notariuszinowroclaw.eu\/wp-content\/uploads\/2022\/06\/klauzula_RODO_Klienci.pdf\" data-type=\"attachment\" data-id=\"98\">Klient\u00f3w Kancelarii<\/a>,<\/li><li>klauzula informacyjna dla <a href=\"http:\/\/notariuszinowroclaw.eu\/wp-content\/uploads\/2022\/06\/klauzula_RODO_Kontrahenci.pdf\" data-type=\"attachment\" data-id=\"99\">Kontrahent\u00f3w Kancelarii<\/a>.<\/li><\/ol>\n\n\n\n<h2 class=\"wp-block-heading\">Kto jest odbiorc\u0105 danych?<\/h2>\n\n\n\n<p>Odbiorcami Pa\u0144stwa danych osobowych s\u0105 przede wszystkim dostawcy us\u0142ug IT oraz organy samorz\u0105du zawodowego i obs\u0142uguj\u0105cy je podwykonawcy. Do obs\u0142ugi poczty elektronicznej korzystamy z serwisu pocztowego Izby Notarialnej w Gda\u0144sku.<\/p>\n\n\n\n<h2 class=\"wp-block-heading\">Jakie dane b\u0119d\u0105 przetwarzane?<\/h2>\n\n\n\n<p>Firma hostingowa oferuje naszej Kancelarii dost\u0119p do\u00a0statystyk dotycz\u0105cych serwisu, kt\u00f3re obejmuj\u0105 m. in. liczb\u0119 i rodzaj \u017c\u0105da\u0144, wizyty i ods\u0142ony, informacje o b\u0142\u0119dach i transferze, dane dotycz\u0105ce przegl\u0105darek i system\u00f3w operacyjnych u\u017cytkownik\u00f3w, metod\u0119 przekazywania parametr\u00f3w, kody i protok\u00f3\u0142 HTTP, strony polecaj\u0105ce, a tak\u017ce map\u0119 wizyt, w tym adres IP i kraj. Podobne informacje o zachowaniach u\u017cytkownik\u00f3w zapisywane s\u0105 w\u00a0logach serwera. Dane te s\u0105 wykorzystywane wy\u0142\u0105cznie w celu bezpiecznego i niezak\u0142\u00f3conego administrowania stron\u0105 internetow\u0105 Kancelarii. W normalnym toku czynno\u015bci nie pozwalaj\u0105 Administratorowi na identyfikacj\u0119 konkretnej osoby korzystaj\u0105cej z serwisu.<\/p>\n\n\n\n<p>W przypadku informacyjnego kontaktu z Kancelaria, dodatkowo przetwarzane mog\u0105 by\u0107 tzw. dane nag\u0142\u00f3wkowe wiadomo\u015bci email oraz dane wprost wskazane przez U\u017cytkownika w tre\u015bci korespondencji lub rozmowy z pracownikami Kancelarii.<\/p>\n\n\n\n<h2 class=\"wp-block-heading\">Jak d\u0142ugo dane b\u0119d\u0105 przechowywane?<\/h2>\n\n\n\n<p>Wed\u0142ug naszego hostingodawcy, logi serwera przechowywane s\u0105 przez okres 2 tygodni.<\/p>\n\n\n\n<p>W przypadku wy\u0142\u0105cznie informacyjnego kontaktu z Kancelari\u0105, dane osobowe b\u0119d\u0105 przechowywane tymczasowo, przez okres maksymalnie roku. Je\u015bli celem kontaktu jest dokonanie czynno\u015bci notarialnej lub zawarcie umowy zastosowanie mog\u0105 znale\u017a\u0107 inne okresy retencji, opisane w udost\u0119pnionych Pa\u0144stwu klauzulach informacyjnych.<\/p>\n\n\n\n<h2 class=\"wp-block-heading\">Jakie masz prawa do swoich danych<\/h2>\n\n\n\n<p>1. prawo do informacji o przetwarzaniu danych,<br>2. prawo dost\u0119pu do danych osobowych, w tym do pozyskiwania ich kopii (na zasadach szczeg\u00f3\u0142owo opisanych w art. 15 RODO),<br>3. prawo \u017c\u0105dania sprostowania lub uzupe\u0142nienia danych osobowych (na zasadach szczeg\u00f3\u0142owo opisanych w art. 16 RODO),<br>4. prawo \u017c\u0105dania usuni\u0119cia danych osobowych (na zasadach szczeg\u00f3\u0142owo opisanych w art. 17 RODO),<br>5. prawo \u017c\u0105dania ograniczenia przetwarzania danych osobowych (na zasadach szczeg\u00f3\u0142owo opisanych w art. 18 RODO),<br>6. prawo \u017c\u0105dania powiadomienia o odbiorcach w przypadku sprostowania, uzupe\u0142nienia, usuni\u0119cia lub ograniczenia przetwarzania danych osobowych (na zasadach szczeg\u00f3\u0142owo opisanych w art. 19 RODO),<br>7. prawo do przenoszenia danych osobowych, to jest prawo otrzymania od Administratora przetwarzanych danych osobowych w ustrukturyzowanym, powszechnie u\u017cywanym formacie informatycznym nadaj\u0105cym si\u0119 do odczytu maszynowego. Maj\u0105 Pa\u0144stwo prawo przes\u0142a\u0107 te dane innemu administratorowi danych lub za\u017c\u0105da\u0107, aby\u015bmy przes\u0142ali Pa\u0144stwa dane do innego administratora. Kancelaria spe\u0142ni to \u017c\u0105danie, je\u015bli takie przes\u0142anie jest technicznie mo\u017cliwe. Prawo do przenoszenia danych osobowych przys\u0142uguje Pa\u0144stwu tylko co do tych danych, kt\u00f3re przetwarzamy na podstawie zgody lub umowy, a przetwarzanie odbywa si\u0119 w spos\u00f3b zautomatyzowany (art. 20 RODO),<br>8. prawo wniesienia sprzeciwu wobec przetwarzania danych ze wzgl\u0119du na Pa\u0144stwa szczeg\u00f3ln\u0105 sytuacj\u0119 \u2013 mi\u0119dzy innymi w przypadkach, kiedy Administrator przetwarza Pa\u0144stwa dane na podstawie jego prawnie uzasadnionego interesu lub w interesie publicznym (sprzeciw wnosi si\u0119 na zasadach szczeg\u00f3\u0142owo opisanych w art. 21 RODO),<br>9. je\u017celi przetwarzanie odbywa si\u0119 na podstawie udzielonej zgody, w dowolnym momencie macie Pa\u0144stwo prawo cofn\u0105\u0107 udzielon\u0105 zgod\u0119, co pozostaje jednak bez wp\u0142ywu na zgodno\u015b\u0107 z prawem przetwarzania, kt\u00f3rego dokonano na podstawie zgody przed jej cofni\u0119ciem;<br>10. prawo wniesienia skargi do organu nadzorczego zajmuj\u0105cego si\u0119 ochron\u0105 danych osobowych, a wi\u0119c Prezesa Urz\u0119du Ochrony Danych Osobowych (ul. Stawki 2, 00-193 Warszawa).<\/p>\n\n\n\n<h2 class=\"wp-block-heading\">Pozosta\u0142e informacje<\/h2>\n\n\n\n<ol class=\"wp-block-list\"><li>Pa\u0144stwa dane osobowe b\u0119d\u0105 przetwarzane w spos\u00f3b zautomatyzowany, jednak nie b\u0119d\u0105 poddane zautomatyzowanemu podejmowaniu decyzji, w tym profilowaniu.<\/li><li>Administrator zasadniczo nie zamierza przekazywa\u0107 Pa\u0144stwa danych osobowych do pa\u0144stwa trzeciego lub organizacji mi\u0119dzynarodowej.<\/li><li>W przypadku informacyjnego kontaktu z Kancelari\u0105, podanie przez Pa\u0144stwa danych osobowych jest dobrowolne, ale mo\u017ce by\u0107 niezb\u0119dne w celu udzielenia odpowiedzi.<\/li><li>W trakcie normalnego u\u017cywania serwisu przez niezalogowanych u\u017cytkownik\u00f3w w ich urz\u0105dzeniach nie powinny by\u0107 instalowane pliki Cookies ani podobne oprogramowanie. Pliki Cookies wykorzystujemy tylko w przypadku logowania do serwisu przez jego administrator\u00f3w w celach technicznych. W takim wypadku przegl\u0105darka U\u017cytkownika pozwala na zmian\u0119 sposobu obs\u0142ugi plik\u00f3w Cookies.<\/li><li>Stosujemy standardowe zabezpieczenia przed zniszczeniem, utrat\u0105 lub manipulacj\u0105 danymi, jak na przyk\u0142ad protok\u00f3\u0142 SSL (Secure Socket Layer).<\/li><\/ol>\n","protected":false},"excerpt":{"rendered":"<p>Jakie s\u0105 dane Administratora? Administratorem Pa\u0144stwa danych osobowych oraz serwisu notariuszinowroclaw.eu jest: Anna Wali\u0144ska-G\u00f3ra, prowadz\u0105c\u0105 dzia\u0142alno\u015b\u0107 gospodarcz\u0105 pod nazw\u0105Kancelaria Notarialna Anna Wali\u0144ska-G\u00f3raaleja Sienkiewicza 9\/1, 88-100 Inowroc\u0142awNIP: 5562678916, REGON: 341524472Adres e-mail: &#8230;<\/p>\n","protected":false},"author":1,"featured_media":0,"parent":0,"menu_order":0,"comment_status":"closed","ping_status":"open","template":"","meta":{"footnotes":""},"class_list":["post-3","page","type-page","status-publish","hentry"],"_links":{"self":[{"href":"https:\/\/notariuszinowroclaw.eu\/index.php?rest_route=\/wp\/v2\/pages\/3","targetHints":{"allow":["GET"]}}],"collection":[{"href":"https:\/\/notariuszinowroclaw.eu\/index.php?rest_route=\/wp\/v2\/pages"}],"about":[{"href":"https:\/\/notariuszinowroclaw.eu\/index.php?rest_route=\/wp\/v2\/types\/page"}],"author":[{"embeddable":true,"href":"https:\/\/notariuszinowroclaw.eu\/index.php?rest_route=\/wp\/v2\/users\/1"}],"replies":[{"embeddable":true,"href":"https:\/\/notariuszinowroclaw.eu\/index.php?rest_route=%2Fwp%2Fv2%2Fcomments&post=3"}],"version-history":[{"count":13,"href":"https:\/\/notariuszinowroclaw.eu\/index.php?rest_route=\/wp\/v2\/pages\/3\/revisions"}],"predecessor-version":[{"id":109,"href":"https:\/\/notariuszinowroclaw.eu\/index.php?rest_route=\/wp\/v2\/pages\/3\/revisions\/109"}],"wp:attachment":[{"href":"https:\/\/notariuszinowroclaw.eu\/index.php?rest_route=%2Fwp%2Fv2%2Fmedia&parent=3"}],"curies":[{"name":"wp","href":"https:\/\/api.w.org\/{rel}","templated":true}]}}